{"id":38,"date":"2026-03-23T09:15:21","date_gmt":"2026-03-23T08:15:21","guid":{"rendered":"https:\/\/tc-troyes.ovh\/?page_id=38"},"modified":"2026-03-23T09:15:21","modified_gmt":"2026-03-23T08:15:21","slug":"bienvenue-sur-mon-site","status":"publish","type":"page","link":"http:\/\/tc-troyes.ovh\/index.php\/bienvenue-sur-mon-site\/","title":{"rendered":"Bienvenue sur mon site"},"content":{"rendered":"\n<div class=\"wp-block-group alignfull has-global-padding is-layout-constrained wp-block-group-is-layout-constrained\" style=\"margin-top:0;margin-bottom:0;padding-top:var(--wp--preset--spacing--50);padding-bottom:var(--wp--preset--spacing--50)\">\n<div class=\"wp-block-columns alignwide is-layout-flex wp-container-core-columns-is-layout-fa584acd wp-block-columns-is-layout-flex\">\n<div class=\"wp-block-column is-vertically-aligned-center is-layout-flow wp-block-column-is-layout-flow\">\n<h2 class=\"wp-block-heading has-xx-large-font-size\">On r\u00e9nove votre maison !<\/h2>\n\n\n\n<p class=\"has-medium-font-size\">Cette compilation exquise pr\u00e9sente un \u00e9ventail diversifi\u00e9 de photographies qui capturent l\u2019essence de diff\u00e9rentes \u00e9poques et cultures, refl\u00e9tant les styles et perspectives uniques de chaque artiste. L\u2019imagerie \u00e9vocatrice de Fleckenstein, l\u2019approche moderniste novatrice de Strand et la documentation m\u00e9ticuleuse de la vie japonaise par K\u014dno s\u2019entrelacent dans un m\u00e9lange harmonieux qui c\u00e9l\u00e8bre l\u2019art de la photographie. Chaque image du livre \u00ab&nbsp;Histoires&nbsp;\u00bb est accompagn\u00e9e de commentaires \u00e9clairants, fournissant un contexte historique et r\u00e9v\u00e9lant les r\u00e9cits derri\u00e8re les photographies. Cette collection est non seulement un festin visuel, mais aussi un hommage au pouvoir de la photographie pour pr\u00e9server et narrer les exp\u00e9riences multiformes de l\u2019humanit\u00e9.<\/p>\n<\/div>\n\n\n\n<div class=\"wp-block-column is-vertically-aligned-center is-layout-flow wp-block-column-is-layout-flow\">\n<figure class=\"wp-block-image size-full\"><img loading=\"lazy\" decoding=\"async\" width=\"2560\" height=\"1709\" src=\"http:\/\/tc-troyes.ovh\/wp-content\/uploads\/2026\/03\/pexels-artbovich-7045843-1-scaled.jpg\" alt=\"\" class=\"wp-image-12\" style=\"aspect-ratio:1;object-fit:cover\" srcset=\"http:\/\/tc-troyes.ovh\/wp-content\/uploads\/2026\/03\/pexels-artbovich-7045843-1-scaled.jpg 2560w, http:\/\/tc-troyes.ovh\/wp-content\/uploads\/2026\/03\/pexels-artbovich-7045843-1-300x200.jpg 300w, http:\/\/tc-troyes.ovh\/wp-content\/uploads\/2026\/03\/pexels-artbovich-7045843-1-1024x683.jpg 1024w, http:\/\/tc-troyes.ovh\/wp-content\/uploads\/2026\/03\/pexels-artbovich-7045843-1-768x513.jpg 768w, http:\/\/tc-troyes.ovh\/wp-content\/uploads\/2026\/03\/pexels-artbovich-7045843-1-1536x1025.jpg 1536w\" sizes=\"auto, (max-width: 2560px) 100vw, 2560px\" \/><\/figure>\n<\/div>\n<\/div>\n<\/div>\n\n\n\n<div class=\"wp-block-group alignfull has-global-padding is-layout-constrained wp-block-group-is-layout-constrained\" style=\"margin-top:0;margin-bottom:0;padding-top:var(--wp--preset--spacing--60);padding-bottom:var(--wp--preset--spacing--60)\">\n<div class=\"wp-block-columns alignwide is-layout-flex wp-container-core-columns-is-layout-714d85e9 wp-block-columns-is-layout-flex\">\n<div class=\"wp-block-column is-layout-flow wp-block-column-is-layout-flow\">\n<div class=\"wp-block-columns is-layout-flex wp-container-core-columns-is-layout-08c01c1c wp-block-columns-is-layout-flex\">\n<div class=\"wp-block-column is-layout-flow wp-block-column-is-layout-flow\" style=\"flex-basis:64px\">\n<figure class=\"wp-block-image size-large is-resized is-style-rounded\"><img decoding=\"async\" src=\"https:\/\/tc-troyes.ovh\/wp-content\/themes\/twentytwentyfive\/assets\/images\/nurse.webp\" alt=\"Photo d\u2019une personne\" style=\"aspect-ratio:1;object-fit:cover;width:64px\"\/><\/figure>\n<\/div>\n\n\n\n<div class=\"wp-block-column is-layout-flow wp-block-column-is-layout-flow\">\n<blockquote class=\"wp-block-quote is-style-plain has-x-large-font-size is-layout-flow wp-container-core-quote-is-layout-119bc444 wp-block-quote-is-layout-flow is-style-plain--1\" style=\"font-style:normal;font-weight:400\">\n<p style=\"line-height:1.1\">\u00ab&nbsp;Produit et service client exceptionnels&nbsp;!&nbsp;\u00bb<\/p>\n<cite>Jeanne Desmoulins <br><sub>Rennes, Bretagne<\/sub><\/cite><\/blockquote>\n<\/div>\n<\/div>\n<\/div>\n\n\n\n<div class=\"wp-block-column is-layout-flow wp-block-column-is-layout-flow\">\n<div class=\"wp-block-columns is-layout-flex wp-container-core-columns-is-layout-08c01c1c wp-block-columns-is-layout-flex\">\n<div class=\"wp-block-column is-layout-flow wp-block-column-is-layout-flow\" style=\"flex-basis:64px\">\n<figure class=\"wp-block-image size-large is-resized is-style-rounded\"><img decoding=\"async\" src=\"https:\/\/tc-troyes.ovh\/wp-content\/themes\/twentytwentyfive\/assets\/images\/nurse.webp\" alt=\"Photo d\u2019une personne\" style=\"aspect-ratio:1;object-fit:cover;width:64px\"\/><\/figure>\n<\/div>\n\n\n\n<div class=\"wp-block-column is-layout-flow wp-block-column-is-layout-flow\">\n<blockquote class=\"wp-block-quote is-style-plain has-x-large-font-size is-layout-flow wp-container-core-quote-is-layout-119bc444 wp-block-quote-is-layout-flow is-style-plain--2\" style=\"font-style:normal;font-weight:400\">\n<p style=\"line-height:1.1\">\u00ab&nbsp;Qualit\u00e9 et soin exceptionnels. J\u2019adore tous vos produits.&nbsp;\u00bb<\/p>\n<cite>Camille Sanzot <br><sub>Brioude, Auvergne<\/sub><\/cite><\/blockquote>\n<\/div>\n<\/div>\n<\/div>\n<\/div>\n<\/div>\n\n\n\n<div class=\"wp-block-group alignfull has-background is-layout-flow wp-block-group-is-layout-flow\" style=\"background-color:#035277;padding-top:6vw;padding-right:6vw;padding-bottom:6vw;padding-left:6vw\">\n<div class=\"wp-block-group is-vertical is-nowrap is-layout-flex wp-container-core-group-is-layout-36fd9ea3 wp-block-group-is-layout-flex\" style=\"padding-right:0;padding-left:0\">\n<h6 class=\"wp-block-heading has-base-color has-text-color\" id=\"ecosystem\" style=\"font-size:clamp(14px, 0.875rem + ((1vw - 3.2px) * 0.196), 16px);\">\u00c9COSYST\u00c8ME<\/h6>\n\n\n\n<p class=\"has-base-color has-text-color\" style=\"font-size:6vw;font-style:normal;font-weight:700;letter-spacing:0px;line-height:0.9;text-decoration:none;text-transform:none\">Positive growth.<\/p>\n<\/div>\n\n\n\n<div style=\"height:1vw\" aria-hidden=\"true\" class=\"wp-block-spacer\"><\/div>\n\n\n\n<div class=\"wp-block-group alignwide is-vertical is-nowrap is-layout-flex wp-container-core-group-is-layout-7946b6b8 wp-block-group-is-layout-flex\" style=\"padding-top:0;padding-right:0;padding-bottom:0;padding-left:0\">\n<div class=\"wp-block-columns alignwide is-layout-flex wp-container-core-columns-is-layout-21b20327 wp-block-columns-is-layout-flex\">\n<div class=\"wp-block-column is-layout-flow wp-block-column-is-layout-flow\" style=\"flex-basis:33.38%\">\n<p class=\"has-base-color has-text-color\" style=\"font-size:clamp(14px, 0.875rem + ((1vw - 3.2px) * 0.294), 17px);\"><em>Nature<\/em>, in the common sense, refers to essences unchanged by man; space, the air, the river, the leaf.&nbsp;<em>Art<\/em>&nbsp;is applied to the mixture of his will with the same things, as in a house, a canal, a statue, a picture. <\/p>\n\n\n\n<p class=\"has-base-color has-text-color\" style=\"font-size:clamp(14px, 0.875rem + ((1vw - 3.2px) * 0.294), 17px);\">But his operations taken together are so insignificant, a little chipping, baking, patching, and washing, that in an impression so grand as that of the world on the human mind, they do not vary the result.<\/p>\n<\/div>\n\n\n\n<div class=\"wp-block-column is-layout-flow wp-block-column-is-layout-flow\" style=\"flex-basis:33%\">\n<div style=\"height:2vw\" aria-hidden=\"true\" class=\"wp-block-spacer\"><\/div>\n\n\n\n<figure class=\"wp-block-image size-large\"><img decoding=\"async\" src=\"https:\/\/s.w.org\/images\/core\/5.8\/outside-01.jpg\" alt=\"Le soleil se couchant derri\u00e8re une for\u00eat dense.\"\/><\/figure>\n<\/div>\n\n\n\n<div class=\"wp-block-column is-layout-flow wp-block-column-is-layout-flow\" style=\"flex-basis:33.62%\">\n<figure class=\"wp-block-image size-large\"><img decoding=\"async\" src=\"https:\/\/s.w.org\/images\/core\/5.8\/outside-02.jpg\" alt=\"Des \u00e9oliennes se tiennent sur une plaine herbeuse, avec un ciel bleu en arri\u00e8re-plan.\"\/><\/figure>\n<\/div>\n<\/div>\n\n\n\n<div class=\"wp-block-columns alignwide is-layout-flex wp-container-core-columns-is-layout-c24efe4f wp-block-columns-is-layout-flex\">\n<div class=\"wp-block-column is-layout-flow wp-block-column-is-layout-flow\" style=\"flex-basis:69%\">\n<figure class=\"wp-block-image size-large\"><img decoding=\"async\" src=\"https:\/\/s.w.org\/images\/core\/5.8\/outside-03.jpg\" alt=\"Le soleil brille au dessus d\u2019une cr\u00eate donnant sur le bord de mer. Plus loin, une voiture est visible.\"\/><\/figure>\n<\/div>\n\n\n\n<div class=\"wp-block-column is-vertically-aligned-center is-layout-flow wp-block-column-is-layout-flow\" style=\"flex-basis:33%\">\n<div style=\"height:2vw\" aria-hidden=\"true\" class=\"wp-block-spacer\"><\/div>\n\n\n\n<p class=\"has-text-color\" style=\"color:#000000;font-size:clamp(14px, 0.875rem + ((1vw - 3.2px) * 0.294), 17px);\">Sans doute n\u2019avons-nous pas de questions \u00e0 poser qui soient sans r\u00e9ponse. Nous devons faire confiance \u00e0 la perfection de la cr\u00e9ation au point de croire que, quelle que soit la curiosit\u00e9 que l\u2019ordre des choses a \u00e9veill\u00e9e dans notre esprit, l\u2019ordre des choses peut la satisfaire. La condition de chaque homme est une solution en hi\u00e9roglyphes aux questions qu\u2019il poserait.<\/p>\n<\/div>\n<\/div>\n<\/div>\n<\/div>\n","protected":false},"excerpt":{"rendered":"<p>On r\u00e9nove votre maison ! Cette compilation exquise pr\u00e9sente un \u00e9ventail diversifi\u00e9 de photographies qui capturent l\u2019essence de diff\u00e9rentes \u00e9poques et cultures, refl\u00e9tant les styles et perspectives uniques de chaque artiste. L\u2019imagerie \u00e9vocatrice de Fleckenstein, l\u2019approche moderniste novatrice de Strand et la documentation m\u00e9ticuleuse de la vie japonaise par K\u014dno s\u2019entrelacent dans un m\u00e9lange harmonieux [&hellip;]<\/p>\n","protected":false},"author":1,"featured_media":0,"parent":0,"menu_order":0,"comment_status":"closed","ping_status":"closed","template":"","meta":{"footnotes":""},"class_list":["post-38","page","type-page","status-publish","hentry"],"_links":{"self":[{"href":"http:\/\/tc-troyes.ovh\/index.php\/wp-json\/wp\/v2\/pages\/38","targetHints":{"allow":["GET"]}}],"collection":[{"href":"http:\/\/tc-troyes.ovh\/index.php\/wp-json\/wp\/v2\/pages"}],"about":[{"href":"http:\/\/tc-troyes.ovh\/index.php\/wp-json\/wp\/v2\/types\/page"}],"author":[{"embeddable":true,"href":"http:\/\/tc-troyes.ovh\/index.php\/wp-json\/wp\/v2\/users\/1"}],"replies":[{"embeddable":true,"href":"http:\/\/tc-troyes.ovh\/index.php\/wp-json\/wp\/v2\/comments?post=38"}],"version-history":[{"count":1,"href":"http:\/\/tc-troyes.ovh\/index.php\/wp-json\/wp\/v2\/pages\/38\/revisions"}],"predecessor-version":[{"id":39,"href":"http:\/\/tc-troyes.ovh\/index.php\/wp-json\/wp\/v2\/pages\/38\/revisions\/39"}],"wp:attachment":[{"href":"http:\/\/tc-troyes.ovh\/index.php\/wp-json\/wp\/v2\/media?parent=38"}],"curies":[{"name":"wp","href":"https:\/\/api.w.org\/{rel}","templated":true}]}}